{"id":19103,"date":"2025-06-14T15:18:43","date_gmt":"2025-06-14T20:18:43","guid":{"rendered":"https:\/\/www.toulouselautrec.edu.pe\/pregrado\/?page_id=19103"},"modified":"2026-04-14T10:38:55","modified_gmt":"2026-04-14T15:38:55","slug":"marketing-estrategico-innovacion","status":"publish","type":"page","link":"https:\/\/www.toulouselautrec.edu.pe\/pregrado\/marketing-estrategico-innovacion\/","title":{"rendered":"Marketing Estrat\u00e9gico e Innovacion"},"content":{"rendered":"","protected":false},"excerpt":{"rendered":"","protected":false},"author":14,"featured_media":0,"parent":0,"menu_order":0,"comment_status":"closed","ping_status":"closed","template":"","meta":{"inline_featured_image":false,"footnotes":""},"class_list":["post-19103","page","type-page","status-publish","hentry"],"yoast_head":"<!-- This site is optimized with the Yoast SEO plugin v27.1.1 - https:\/\/yoast.com\/product\/yoast-seo-wordpress\/ -->\n<title>Marketing Estrat\u00e9gico e Innovaci\u00f3n | Postula hoy<\/title>\n<meta name=\"description\" content=\"Transforma ideas en resultados estudiando Marketing Estrat\u00e9gico e Innovaci\u00f3n. Aprende haciendo con docentes de la industria. Inscr\u00edbete hoy y avanza.\" \/>\n<meta name=\"robots\" content=\"index, follow, max-snippet:-1, max-image-preview:large, max-video-preview:-1\" \/>\n<link rel=\"canonical\" href=\"https:\/\/www.toulouselautrec.edu.pe\/pregrado\/marketing-estrategico-innovacion\/\" \/>\n<meta property=\"og:locale\" content=\"en_US\" \/>\n<meta property=\"og:type\" content=\"article\" \/>\n<meta property=\"og:title\" content=\"Marketing Estrat\u00e9gico e Innovaci\u00f3n | Postula hoy\" \/>\n<meta property=\"og:description\" content=\"Transforma ideas en resultados estudiando Marketing Estrat\u00e9gico e Innovaci\u00f3n. Aprende haciendo con docentes de la industria. Inscr\u00edbete hoy y avanza.\" \/>\n<meta property=\"og:url\" content=\"https:\/\/www.toulouselautrec.edu.pe\/pregrado\/marketing-estrategico-innovacion\/\" \/>\n<meta property=\"og:site_name\" content=\"Toulouse Lautrec\" \/>\n<meta property=\"article:publisher\" content=\"https:\/\/www.facebook.com\/ToulouseLautrecPeru\" \/>\n<meta property=\"article:modified_time\" content=\"2026-04-14T15:38:55+00:00\" \/>\n<meta name=\"twitter:card\" content=\"summary_large_image\" \/>\n<meta name=\"twitter:site\" content=\"@Toulouse_Peru\" \/>\n<meta name=\"twitter:label1\" content=\"Est. reading time\" \/>\n\t<meta name=\"twitter:data1\" content=\"14 minutes\" \/>\n<script type=\"application\/ld+json\" class=\"yoast-schema-graph\">{\"@context\":\"https:\/\/schema.org\",\"@graph\":[{\"@type\":\"WebPage\",\"@id\":\"https:\/\/www.toulouselautrec.edu.pe\/pregrado\/marketing-estrategico-innovacion\/\",\"url\":\"https:\/\/www.toulouselautrec.edu.pe\/pregrado\/marketing-estrategico-innovacion\/\",\"name\":\"Marketing Estrat\u00e9gico e Innovaci\u00f3n | Postula hoy\",\"isPartOf\":{\"@id\":\"https:\/\/www.toulouselautrec.edu.pe\/pregrado\/#website\"},\"datePublished\":\"2025-06-14T20:18:43+00:00\",\"dateModified\":\"2026-04-14T15:38:55+00:00\",\"description\":\"Transforma ideas en resultados estudiando Marketing Estrat\u00e9gico e Innovaci\u00f3n. Aprende haciendo con docentes de la industria. Inscr\u00edbete hoy y avanza.\",\"breadcrumb\":{\"@id\":\"https:\/\/www.toulouselautrec.edu.pe\/pregrado\/marketing-estrategico-innovacion\/#breadcrumb\"},\"inLanguage\":\"en-US\",\"potentialAction\":[{\"@type\":\"ReadAction\",\"target\":[\"https:\/\/www.toulouselautrec.edu.pe\/pregrado\/marketing-estrategico-innovacion\/\"]}]},{\"@type\":\"BreadcrumbList\",\"@id\":\"https:\/\/www.toulouselautrec.edu.pe\/pregrado\/marketing-estrategico-innovacion\/#breadcrumb\",\"itemListElement\":[{\"@type\":\"ListItem\",\"position\":1,\"name\":\"Home\",\"item\":\"https:\/\/www.toulouselautrec.edu.pe\/pregrado\/\"},{\"@type\":\"ListItem\",\"position\":2,\"name\":\"Marketing Estrat\u00e9gico e Innovacion\"}]},{\"@type\":\"WebSite\",\"@id\":\"https:\/\/www.toulouselautrec.edu.pe\/pregrado\/#website\",\"url\":\"https:\/\/www.toulouselautrec.edu.pe\/pregrado\/\",\"name\":\"Escuela Toulouse Lautrec\",\"description\":\"\",\"publisher\":{\"@id\":\"https:\/\/www.toulouselautrec.edu.pe\/pregrado\/#organization\"},\"potentialAction\":[{\"@type\":\"SearchAction\",\"target\":{\"@type\":\"EntryPoint\",\"urlTemplate\":\"https:\/\/www.toulouselautrec.edu.pe\/pregrado\/?s={search_term_string}\"},\"query-input\":{\"@type\":\"PropertyValueSpecification\",\"valueRequired\":true,\"valueName\":\"search_term_string\"}}],\"inLanguage\":\"en-US\"},{\"@type\":\"Organization\",\"@id\":\"https:\/\/www.toulouselautrec.edu.pe\/pregrado\/#organization\",\"name\":\"Escuela Toulouse Lautrec\",\"url\":\"https:\/\/www.toulouselautrec.edu.pe\/pregrado\/\",\"logo\":{\"@type\":\"ImageObject\",\"inLanguage\":\"en-US\",\"@id\":\"https:\/\/www.toulouselautrec.edu.pe\/pregrado\/#\/schema\/logo\/image\/\",\"url\":\"https:\/\/www.toulouselautrec.edu.pe\/pregrado\/wp-content\/uploads\/logo-tls.svg\",\"contentUrl\":\"https:\/\/www.toulouselautrec.edu.pe\/pregrado\/wp-content\/uploads\/logo-tls.svg\",\"width\":180,\"height\":133,\"caption\":\"Escuela Toulouse Lautrec\"},\"image\":{\"@id\":\"https:\/\/www.toulouselautrec.edu.pe\/pregrado\/#\/schema\/logo\/image\/\"},\"sameAs\":[\"https:\/\/www.facebook.com\/ToulouseLautrecPeru\",\"https:\/\/x.com\/Toulouse_Peru\",\"https:\/\/www.youtube.com\/user\/CanalToulouseLautrec\",\"https:\/\/www.instagram.com\/toulouselautrecperu\/\",\"https:\/\/www.tiktok.com\/@toulouselautrec_peru\"]}]}<\/script>\n<!-- \/ Yoast SEO plugin. -->","yoast_head_json":{"title":"Marketing Estrat\u00e9gico e Innovaci\u00f3n | Postula hoy","description":"Transforma ideas en resultados estudiando Marketing Estrat\u00e9gico e Innovaci\u00f3n. Aprende haciendo con docentes de la industria. Inscr\u00edbete hoy y avanza.","robots":{"index":"index","follow":"follow","max-snippet":"max-snippet:-1","max-image-preview":"max-image-preview:large","max-video-preview":"max-video-preview:-1"},"canonical":"https:\/\/www.toulouselautrec.edu.pe\/pregrado\/marketing-estrategico-innovacion\/","og_locale":"en_US","og_type":"article","og_title":"Marketing Estrat\u00e9gico e Innovaci\u00f3n | Postula hoy","og_description":"Transforma ideas en resultados estudiando Marketing Estrat\u00e9gico e Innovaci\u00f3n. Aprende haciendo con docentes de la industria. Inscr\u00edbete hoy y avanza.","og_url":"https:\/\/www.toulouselautrec.edu.pe\/pregrado\/marketing-estrategico-innovacion\/","og_site_name":"Toulouse Lautrec","article_publisher":"https:\/\/www.facebook.com\/ToulouseLautrecPeru","article_modified_time":"2026-04-14T15:38:55+00:00","twitter_card":"summary_large_image","twitter_site":"@Toulouse_Peru","twitter_misc":{"Est. reading time":"14 minutes"},"schema":{"@context":"https:\/\/schema.org","@graph":[{"@type":"WebPage","@id":"https:\/\/www.toulouselautrec.edu.pe\/pregrado\/marketing-estrategico-innovacion\/","url":"https:\/\/www.toulouselautrec.edu.pe\/pregrado\/marketing-estrategico-innovacion\/","name":"Marketing Estrat\u00e9gico e Innovaci\u00f3n | Postula hoy","isPartOf":{"@id":"https:\/\/www.toulouselautrec.edu.pe\/pregrado\/#website"},"datePublished":"2025-06-14T20:18:43+00:00","dateModified":"2026-04-14T15:38:55+00:00","description":"Transforma ideas en resultados estudiando Marketing Estrat\u00e9gico e Innovaci\u00f3n. Aprende haciendo con docentes de la industria. Inscr\u00edbete hoy y avanza.","breadcrumb":{"@id":"https:\/\/www.toulouselautrec.edu.pe\/pregrado\/marketing-estrategico-innovacion\/#breadcrumb"},"inLanguage":"en-US","potentialAction":[{"@type":"ReadAction","target":["https:\/\/www.toulouselautrec.edu.pe\/pregrado\/marketing-estrategico-innovacion\/"]}]},{"@type":"BreadcrumbList","@id":"https:\/\/www.toulouselautrec.edu.pe\/pregrado\/marketing-estrategico-innovacion\/#breadcrumb","itemListElement":[{"@type":"ListItem","position":1,"name":"Home","item":"https:\/\/www.toulouselautrec.edu.pe\/pregrado\/"},{"@type":"ListItem","position":2,"name":"Marketing Estrat\u00e9gico e Innovacion"}]},{"@type":"WebSite","@id":"https:\/\/www.toulouselautrec.edu.pe\/pregrado\/#website","url":"https:\/\/www.toulouselautrec.edu.pe\/pregrado\/","name":"Escuela Toulouse Lautrec","description":"","publisher":{"@id":"https:\/\/www.toulouselautrec.edu.pe\/pregrado\/#organization"},"potentialAction":[{"@type":"SearchAction","target":{"@type":"EntryPoint","urlTemplate":"https:\/\/www.toulouselautrec.edu.pe\/pregrado\/?s={search_term_string}"},"query-input":{"@type":"PropertyValueSpecification","valueRequired":true,"valueName":"search_term_string"}}],"inLanguage":"en-US"},{"@type":"Organization","@id":"https:\/\/www.toulouselautrec.edu.pe\/pregrado\/#organization","name":"Escuela Toulouse Lautrec","url":"https:\/\/www.toulouselautrec.edu.pe\/pregrado\/","logo":{"@type":"ImageObject","inLanguage":"en-US","@id":"https:\/\/www.toulouselautrec.edu.pe\/pregrado\/#\/schema\/logo\/image\/","url":"https:\/\/www.toulouselautrec.edu.pe\/pregrado\/wp-content\/uploads\/logo-tls.svg","contentUrl":"https:\/\/www.toulouselautrec.edu.pe\/pregrado\/wp-content\/uploads\/logo-tls.svg","width":180,"height":133,"caption":"Escuela Toulouse Lautrec"},"image":{"@id":"https:\/\/www.toulouselautrec.edu.pe\/pregrado\/#\/schema\/logo\/image\/"},"sameAs":["https:\/\/www.facebook.com\/ToulouseLautrecPeru","https:\/\/x.com\/Toulouse_Peru","https:\/\/www.youtube.com\/user\/CanalToulouseLautrec","https:\/\/www.instagram.com\/toulouselautrecperu\/","https:\/\/www.tiktok.com\/@toulouselautrec_peru"]}]}},"_links":{"self":[{"href":"https:\/\/www.toulouselautrec.edu.pe\/pregrado\/wp-json\/wp\/v2\/pages\/19103","targetHints":{"allow":["GET"]}}],"collection":[{"href":"https:\/\/www.toulouselautrec.edu.pe\/pregrado\/wp-json\/wp\/v2\/pages"}],"about":[{"href":"https:\/\/www.toulouselautrec.edu.pe\/pregrado\/wp-json\/wp\/v2\/types\/page"}],"author":[{"embeddable":true,"href":"https:\/\/www.toulouselautrec.edu.pe\/pregrado\/wp-json\/wp\/v2\/users\/14"}],"replies":[{"embeddable":true,"href":"https:\/\/www.toulouselautrec.edu.pe\/pregrado\/wp-json\/wp\/v2\/comments?post=19103"}],"version-history":[{"count":5,"href":"https:\/\/www.toulouselautrec.edu.pe\/pregrado\/wp-json\/wp\/v2\/pages\/19103\/revisions"}],"predecessor-version":[{"id":25585,"href":"https:\/\/www.toulouselautrec.edu.pe\/pregrado\/wp-json\/wp\/v2\/pages\/19103\/revisions\/25585"}],"wp:attachment":[{"href":"https:\/\/www.toulouselautrec.edu.pe\/pregrado\/wp-json\/wp\/v2\/media?parent=19103"}],"curies":[{"name":"wp","href":"https:\/\/api.w.org\/{rel}","templated":true}]}}