{"id":20433,"date":"2025-11-07T07:09:57","date_gmt":"2025-11-07T12:09:57","guid":{"rendered":"https:\/\/www.toulouselautrec.edu.pe\/pregrado\/?page_id=20433"},"modified":"2026-03-23T12:17:44","modified_gmt":"2026-03-23T17:17:44","slug":"carreras-negocios-conv","status":"publish","type":"page","link":"https:\/\/www.toulouselautrec.edu.pe\/pregrado\/carreras-negocios-conv\/","title":{"rendered":"Carreras de Negocios Convocatoria"},"content":{"rendered":"","protected":false},"excerpt":{"rendered":"","protected":false},"author":2,"featured_media":0,"parent":0,"menu_order":0,"comment_status":"closed","ping_status":"closed","template":"","meta":{"inline_featured_image":false,"footnotes":""},"class_list":["post-20433","page","type-page","status-publish","hentry"],"yoast_head":"<!-- This site is optimized with the Yoast SEO plugin v27.1.1 - https:\/\/yoast.com\/product\/yoast-seo-wordpress\/ -->\n<title>Carreras de Negocios Convocatoria - Toulouse Lautrec<\/title>\n<meta name=\"description\" content=\"Elige carreras de negocios con estrategia y creatividad: marketing, innovaci\u00f3n y negocios digitales. Proyectos con marcas y metodolog\u00eda pr\u00e1ctica. Inscr\u00edbete hoy.\" \/>\n<meta name=\"robots\" content=\"noindex, follow\" \/>\n<meta property=\"og:locale\" content=\"en_US\" \/>\n<meta property=\"og:type\" content=\"article\" \/>\n<meta property=\"og:title\" content=\"Carreras de Negocios Convocatoria - Toulouse Lautrec\" \/>\n<meta property=\"og:description\" content=\"Elige carreras de negocios con estrategia y creatividad: marketing, innovaci\u00f3n y negocios digitales. Proyectos con marcas y metodolog\u00eda pr\u00e1ctica. Inscr\u00edbete hoy.\" \/>\n<meta property=\"og:url\" content=\"https:\/\/www.toulouselautrec.edu.pe\/pregrado\/carreras-negocios-conv\/\" \/>\n<meta property=\"og:site_name\" content=\"Toulouse Lautrec\" \/>\n<meta property=\"article:publisher\" content=\"https:\/\/www.facebook.com\/ToulouseLautrecPeru\" \/>\n<meta property=\"article:modified_time\" content=\"2026-03-23T17:17:44+00:00\" \/>\n<meta name=\"twitter:card\" content=\"summary_large_image\" \/>\n<meta name=\"twitter:site\" content=\"@Toulouse_Peru\" \/>\n<meta name=\"twitter:label1\" content=\"Est. reading time\" \/>\n\t<meta name=\"twitter:data1\" content=\"13 minutes\" \/>\n<script type=\"application\/ld+json\" class=\"yoast-schema-graph\">{\"@context\":\"https:\/\/schema.org\",\"@graph\":[{\"@type\":\"WebPage\",\"@id\":\"https:\/\/www.toulouselautrec.edu.pe\/pregrado\/carreras-negocios-conv\/\",\"url\":\"https:\/\/www.toulouselautrec.edu.pe\/pregrado\/carreras-negocios-conv\/\",\"name\":\"Carreras de Negocios Convocatoria - Toulouse Lautrec\",\"isPartOf\":{\"@id\":\"https:\/\/www.toulouselautrec.edu.pe\/pregrado\/#website\"},\"datePublished\":\"2025-11-07T12:09:57+00:00\",\"dateModified\":\"2026-03-23T17:17:44+00:00\",\"description\":\"Elige carreras de negocios con estrategia y creatividad: marketing, innovaci\u00f3n y negocios digitales. Proyectos con marcas y metodolog\u00eda pr\u00e1ctica. Inscr\u00edbete hoy.\",\"breadcrumb\":{\"@id\":\"https:\/\/www.toulouselautrec.edu.pe\/pregrado\/carreras-negocios-conv\/#breadcrumb\"},\"inLanguage\":\"en-US\",\"potentialAction\":[{\"@type\":\"ReadAction\",\"target\":[\"https:\/\/www.toulouselautrec.edu.pe\/pregrado\/carreras-negocios-conv\/\"]}]},{\"@type\":\"BreadcrumbList\",\"@id\":\"https:\/\/www.toulouselautrec.edu.pe\/pregrado\/carreras-negocios-conv\/#breadcrumb\",\"itemListElement\":[{\"@type\":\"ListItem\",\"position\":1,\"name\":\"Home\",\"item\":\"https:\/\/www.toulouselautrec.edu.pe\/pregrado\/\"},{\"@type\":\"ListItem\",\"position\":2,\"name\":\"Carreras de Negocios Convocatoria\"}]},{\"@type\":\"WebSite\",\"@id\":\"https:\/\/www.toulouselautrec.edu.pe\/pregrado\/#website\",\"url\":\"https:\/\/www.toulouselautrec.edu.pe\/pregrado\/\",\"name\":\"Escuela Toulouse Lautrec\",\"description\":\"\",\"publisher\":{\"@id\":\"https:\/\/www.toulouselautrec.edu.pe\/pregrado\/#organization\"},\"potentialAction\":[{\"@type\":\"SearchAction\",\"target\":{\"@type\":\"EntryPoint\",\"urlTemplate\":\"https:\/\/www.toulouselautrec.edu.pe\/pregrado\/?s={search_term_string}\"},\"query-input\":{\"@type\":\"PropertyValueSpecification\",\"valueRequired\":true,\"valueName\":\"search_term_string\"}}],\"inLanguage\":\"en-US\"},{\"@type\":\"Organization\",\"@id\":\"https:\/\/www.toulouselautrec.edu.pe\/pregrado\/#organization\",\"name\":\"Escuela Toulouse Lautrec\",\"url\":\"https:\/\/www.toulouselautrec.edu.pe\/pregrado\/\",\"logo\":{\"@type\":\"ImageObject\",\"inLanguage\":\"en-US\",\"@id\":\"https:\/\/www.toulouselautrec.edu.pe\/pregrado\/#\/schema\/logo\/image\/\",\"url\":\"https:\/\/www.toulouselautrec.edu.pe\/pregrado\/wp-content\/uploads\/logo-tls.svg\",\"contentUrl\":\"https:\/\/www.toulouselautrec.edu.pe\/pregrado\/wp-content\/uploads\/logo-tls.svg\",\"width\":180,\"height\":133,\"caption\":\"Escuela Toulouse Lautrec\"},\"image\":{\"@id\":\"https:\/\/www.toulouselautrec.edu.pe\/pregrado\/#\/schema\/logo\/image\/\"},\"sameAs\":[\"https:\/\/www.facebook.com\/ToulouseLautrecPeru\",\"https:\/\/x.com\/Toulouse_Peru\",\"https:\/\/www.youtube.com\/user\/CanalToulouseLautrec\",\"https:\/\/www.instagram.com\/toulouselautrecperu\/\",\"https:\/\/www.tiktok.com\/@toulouselautrec_peru\"]}]}<\/script>\n<!-- \/ Yoast SEO plugin. -->","yoast_head_json":{"title":"Carreras de Negocios Convocatoria - Toulouse Lautrec","description":"Elige carreras de negocios con estrategia y creatividad: marketing, innovaci\u00f3n y negocios digitales. Proyectos con marcas y metodolog\u00eda pr\u00e1ctica. Inscr\u00edbete hoy.","robots":{"index":"noindex","follow":"follow"},"og_locale":"en_US","og_type":"article","og_title":"Carreras de Negocios Convocatoria - Toulouse Lautrec","og_description":"Elige carreras de negocios con estrategia y creatividad: marketing, innovaci\u00f3n y negocios digitales. Proyectos con marcas y metodolog\u00eda pr\u00e1ctica. Inscr\u00edbete hoy.","og_url":"https:\/\/www.toulouselautrec.edu.pe\/pregrado\/carreras-negocios-conv\/","og_site_name":"Toulouse Lautrec","article_publisher":"https:\/\/www.facebook.com\/ToulouseLautrecPeru","article_modified_time":"2026-03-23T17:17:44+00:00","twitter_card":"summary_large_image","twitter_site":"@Toulouse_Peru","twitter_misc":{"Est. reading time":"13 minutes"},"schema":{"@context":"https:\/\/schema.org","@graph":[{"@type":"WebPage","@id":"https:\/\/www.toulouselautrec.edu.pe\/pregrado\/carreras-negocios-conv\/","url":"https:\/\/www.toulouselautrec.edu.pe\/pregrado\/carreras-negocios-conv\/","name":"Carreras de Negocios Convocatoria - Toulouse Lautrec","isPartOf":{"@id":"https:\/\/www.toulouselautrec.edu.pe\/pregrado\/#website"},"datePublished":"2025-11-07T12:09:57+00:00","dateModified":"2026-03-23T17:17:44+00:00","description":"Elige carreras de negocios con estrategia y creatividad: marketing, innovaci\u00f3n y negocios digitales. Proyectos con marcas y metodolog\u00eda pr\u00e1ctica. Inscr\u00edbete hoy.","breadcrumb":{"@id":"https:\/\/www.toulouselautrec.edu.pe\/pregrado\/carreras-negocios-conv\/#breadcrumb"},"inLanguage":"en-US","potentialAction":[{"@type":"ReadAction","target":["https:\/\/www.toulouselautrec.edu.pe\/pregrado\/carreras-negocios-conv\/"]}]},{"@type":"BreadcrumbList","@id":"https:\/\/www.toulouselautrec.edu.pe\/pregrado\/carreras-negocios-conv\/#breadcrumb","itemListElement":[{"@type":"ListItem","position":1,"name":"Home","item":"https:\/\/www.toulouselautrec.edu.pe\/pregrado\/"},{"@type":"ListItem","position":2,"name":"Carreras de Negocios Convocatoria"}]},{"@type":"WebSite","@id":"https:\/\/www.toulouselautrec.edu.pe\/pregrado\/#website","url":"https:\/\/www.toulouselautrec.edu.pe\/pregrado\/","name":"Escuela Toulouse Lautrec","description":"","publisher":{"@id":"https:\/\/www.toulouselautrec.edu.pe\/pregrado\/#organization"},"potentialAction":[{"@type":"SearchAction","target":{"@type":"EntryPoint","urlTemplate":"https:\/\/www.toulouselautrec.edu.pe\/pregrado\/?s={search_term_string}"},"query-input":{"@type":"PropertyValueSpecification","valueRequired":true,"valueName":"search_term_string"}}],"inLanguage":"en-US"},{"@type":"Organization","@id":"https:\/\/www.toulouselautrec.edu.pe\/pregrado\/#organization","name":"Escuela Toulouse Lautrec","url":"https:\/\/www.toulouselautrec.edu.pe\/pregrado\/","logo":{"@type":"ImageObject","inLanguage":"en-US","@id":"https:\/\/www.toulouselautrec.edu.pe\/pregrado\/#\/schema\/logo\/image\/","url":"https:\/\/www.toulouselautrec.edu.pe\/pregrado\/wp-content\/uploads\/logo-tls.svg","contentUrl":"https:\/\/www.toulouselautrec.edu.pe\/pregrado\/wp-content\/uploads\/logo-tls.svg","width":180,"height":133,"caption":"Escuela Toulouse Lautrec"},"image":{"@id":"https:\/\/www.toulouselautrec.edu.pe\/pregrado\/#\/schema\/logo\/image\/"},"sameAs":["https:\/\/www.facebook.com\/ToulouseLautrecPeru","https:\/\/x.com\/Toulouse_Peru","https:\/\/www.youtube.com\/user\/CanalToulouseLautrec","https:\/\/www.instagram.com\/toulouselautrecperu\/","https:\/\/www.tiktok.com\/@toulouselautrec_peru"]}]}},"_links":{"self":[{"href":"https:\/\/www.toulouselautrec.edu.pe\/pregrado\/wp-json\/wp\/v2\/pages\/20433","targetHints":{"allow":["GET"]}}],"collection":[{"href":"https:\/\/www.toulouselautrec.edu.pe\/pregrado\/wp-json\/wp\/v2\/pages"}],"about":[{"href":"https:\/\/www.toulouselautrec.edu.pe\/pregrado\/wp-json\/wp\/v2\/types\/page"}],"author":[{"embeddable":true,"href":"https:\/\/www.toulouselautrec.edu.pe\/pregrado\/wp-json\/wp\/v2\/users\/2"}],"replies":[{"embeddable":true,"href":"https:\/\/www.toulouselautrec.edu.pe\/pregrado\/wp-json\/wp\/v2\/comments?post=20433"}],"version-history":[{"count":11,"href":"https:\/\/www.toulouselautrec.edu.pe\/pregrado\/wp-json\/wp\/v2\/pages\/20433\/revisions"}],"predecessor-version":[{"id":25358,"href":"https:\/\/www.toulouselautrec.edu.pe\/pregrado\/wp-json\/wp\/v2\/pages\/20433\/revisions\/25358"}],"wp:attachment":[{"href":"https:\/\/www.toulouselautrec.edu.pe\/pregrado\/wp-json\/wp\/v2\/media?parent=20433"}],"curies":[{"name":"wp","href":"https:\/\/api.w.org\/{rel}","templated":true}]}}